{"id":20,"date":"2020-05-07T19:51:48","date_gmt":"2020-05-07T19:51:48","guid":{"rendered":"https:\/\/upwork.lorenzobarcarolo.com\/?page_id=20"},"modified":"2026-02-17T18:46:36","modified_gmt":"2026-02-17T18:46:36","slug":"rolam","status":"publish","type":"page","link":"https:\/\/horvathhajszalon.hu\/?page_id=20","title":{"rendered":"R\u00f3lam"},"content":{"rendered":"\t\t<div data-elementor-type=\"wp-page\" data-elementor-id=\"20\" class=\"elementor elementor-20\" data-elementor-settings=\"[]\">\n\t\t\t<div class=\"elementor-inner\">\n\t\t\t\t<div class=\"elementor-section-wrap\">\n\t\t\t\t\t\t\t<section class=\"elementor-element elementor-element-e8a7583 elementor-section-full_width elementor-section-height-min-height elementor-section-height-default elementor-section-items-middle elementor-section elementor-top-section\" data-id=\"e8a7583\" data-element_type=\"section\" data-settings=\"{&quot;background_background&quot;:&quot;classic&quot;}\">\n\t\t\t\t\t\t<div class=\"elementor-container elementor-column-gap-default\">\n\t\t\t\t<div class=\"elementor-row\">\n\t\t\t\t<div class=\"elementor-element elementor-element-931f21d elementor-column elementor-col-100 elementor-top-column\" data-id=\"931f21d\" data-element_type=\"column\">\n\t\t\t<div class=\"elementor-column-wrap  elementor-element-populated\">\n\t\t\t\t\t<div class=\"elementor-widget-wrap\">\n\t\t\t\t<div class=\"elementor-element elementor-element-7641cd5 animated-slow elementor-invisible elementor-widget elementor-widget-heading\" data-id=\"7641cd5\" data-element_type=\"widget\" data-settings=\"{&quot;_animation&quot;:&quot;fadeIn&quot;}\" data-widget_type=\"heading.default\">\n\t\t\t\t<div class=\"elementor-widget-container\">\n\t\t\t<h2 class=\"elementor-heading-title elementor-size-default\">Krek\u00e1cs-horv\u00e1th M\u00f3nika<\/h2>\t\t<\/div>\n\t\t\t\t<\/div>\n\t\t\t\t\t\t<\/div>\n\t\t\t<\/div>\n\t\t<\/div>\n\t\t\t\t\t\t<\/div>\n\t\t\t<\/div>\n\t\t<\/section>\n\t\t\t\t<section class=\"elementor-element elementor-element-b44b2e0 elementor-section-boxed elementor-section-height-default elementor-section-height-default elementor-section elementor-top-section\" data-id=\"b44b2e0\" data-element_type=\"section\">\n\t\t\t\t\t\t<div class=\"elementor-container elementor-column-gap-default\">\n\t\t\t\t<div class=\"elementor-row\">\n\t\t\t\t<div class=\"elementor-element elementor-element-f559779 elementor-column elementor-col-50 elementor-top-column\" data-id=\"f559779\" data-element_type=\"column\">\n\t\t\t<div class=\"elementor-column-wrap  elementor-element-populated\">\n\t\t\t\t\t<div class=\"elementor-widget-wrap\">\n\t\t\t\t<div class=\"elementor-element elementor-element-d60d3fd elementor-widget__width-inherit elementor-invisible elementor-widget elementor-widget-image\" data-id=\"d60d3fd\" data-element_type=\"widget\" data-settings=\"{&quot;_animation&quot;:&quot;fadeInLeft&quot;}\" data-widget_type=\"image.default\">\n\t\t\t\t<div class=\"elementor-widget-container\">\n\t\t\t\t\t<div class=\"elementor-image\">\n\t\t\t\t\t\t\t\t\t\t<img loading=\"lazy\" decoding=\"async\" width=\"580\" height=\"869\" src=\"https:\/\/horvathhajszalon.hu\/wp-content\/uploads\/2024\/01\/5e737430-4eb9-4b2e-818f-103b8cabed25.jpg\" class=\"attachment-large size-large\" alt=\"\" srcset=\"https:\/\/horvathhajszalon.hu\/wp-content\/uploads\/2024\/01\/5e737430-4eb9-4b2e-818f-103b8cabed25.jpg 601w, https:\/\/horvathhajszalon.hu\/wp-content\/uploads\/2024\/01\/5e737430-4eb9-4b2e-818f-103b8cabed25-200x300.jpg 200w\" sizes=\"auto, (max-width: 580px) 100vw, 580px\" \/>\t\t\t\t\t\t\t\t\t\t\t<\/div>\n\t\t\t\t<\/div>\n\t\t\t\t<\/div>\n\t\t\t\t\t\t<\/div>\n\t\t\t<\/div>\n\t\t<\/div>\n\t\t\t\t<div class=\"elementor-element elementor-element-c96a391 elementor-column elementor-col-50 elementor-top-column\" data-id=\"c96a391\" data-element_type=\"column\">\n\t\t\t<div class=\"elementor-column-wrap  elementor-element-populated\">\n\t\t\t\t\t<div class=\"elementor-widget-wrap\">\n\t\t\t\t<div class=\"elementor-element elementor-element-58c998e elementor-widget elementor-widget-spacer\" data-id=\"58c998e\" data-element_type=\"widget\" data-widget_type=\"spacer.default\">\n\t\t\t\t<div class=\"elementor-widget-container\">\n\t\t\t\t\t<div class=\"elementor-spacer\">\n\t\t\t<div class=\"elementor-spacer-inner\"><\/div>\n\t\t<\/div>\n\t\t\t\t<\/div>\n\t\t\t\t<\/div>\n\t\t\t\t<div class=\"elementor-element elementor-element-f111e32 elementor-invisible elementor-widget elementor-widget-text-editor\" data-id=\"f111e32\" data-element_type=\"widget\" data-settings=\"{&quot;_animation&quot;:&quot;fadeInRight&quot;}\" data-widget_type=\"text-editor.default\">\n\t\t\t\t<div class=\"elementor-widget-container\">\n\t\t\t\t\t<div class=\"elementor-text-editor elementor-clearfix\"><p>\u00a0<\/p><p>Hiszek a fejl\u0151d\u00e9sben, szenved\u00e9lyem a szakma.\u00a0<\/p><p>A szalonban a\u00a0<span style=\"font-size: inherit; text-align: inherit; letter-spacing: 0.4px;\">legfontosabb, hogy a vend\u00e9gek magas sz\u00ednvonal\u00fa szolg\u00e1ltat\u00e1st\u00a0<\/span><span style=\"font-size: inherit; text-align: inherit; letter-spacing: 0.4px;\">kapjanak.\u00a0<\/span><span style=\"font-size: inherit; text-align: inherit; letter-spacing: 0.4px;\">Egyedi, szem\u00e9lyre szabott sz\u00edneket \u00e9s form\u00e1kat, melyek\u00a0<\/span><span style=\"font-size: inherit; text-align: inherit; letter-spacing: 0.4px;\">kiemelik az egy\u00e9nis\u00e9g\u00fcket.<\/span><\/p><p>Krek\u00e1cs-Horv\u00e1th M\u00f3nika vagyok\u00a0<span style=\"font-size: inherit; text-align: inherit; letter-spacing: 0.4px;\">a Horv\u00e1th Hajszalon tulajdonosa \u00e9s vezet\u0151 fodr\u00e1sza.\u00a0<\/span><span style=\"font-size: inherit; text-align: inherit; letter-spacing: 0.4px;\">1990-ben kezdtem a szakm\u00e1t 1994-ben sikeres\u00a0<\/span><span style=\"font-size: inherit; text-align: inherit; letter-spacing: 0.4px;\">mestervizsga ut\u00e1n nyitottam meg saj\u00e1t szalonomat.<\/span><\/p><p>Fontosnak tartom a haj \u00e1polts\u00e1g\u00e1t \u00e9s eg\u00e9szs\u00e9g\u00e9t,\u00a0<span style=\"font-size: inherit; text-align: inherit; letter-spacing: 0.4px;\">ez\u00e9rt d\u00f6nt\u00f6ttem\u00a0<\/span><span style=\"font-size: inherit; text-align: inherit; letter-spacing: 0.4px;\">a <b>Lakme<\/b> <b>lnspired HairCare<\/b> professzion\u00e1lis term\u00e9kei mellett.<\/span><\/p><\/div>\n\t\t\t\t<\/div>\n\t\t\t\t<\/div>\n\t\t\t\t<div class=\"elementor-element elementor-element-1bfdd1a elementor-invisible elementor-widget elementor-widget-text-editor\" data-id=\"1bfdd1a\" data-element_type=\"widget\" data-settings=\"{&quot;_animation&quot;:&quot;fadeInRight&quot;}\" data-widget_type=\"text-editor.default\">\n\t\t\t\t<div class=\"elementor-widget-container\">\n\t\t\t\t\t<div class=\"elementor-text-editor elementor-clearfix\"><p>Szakmai tanulm\u00e1nyaim:<\/p><\/div>\n\t\t\t\t<\/div>\n\t\t\t\t<\/div>\n\t\t\t\t<div class=\"elementor-element elementor-element-a0ab403 elementor-invisible elementor-widget elementor-widget-text-editor\" data-id=\"a0ab403\" data-element_type=\"widget\" data-settings=\"{&quot;_animation&quot;:&quot;fadeInRight&quot;}\" data-widget_type=\"text-editor.default\">\n\t\t\t\t<div class=\"elementor-widget-container\">\n\t\t\t\t\t<div class=\"elementor-text-editor elementor-clearfix\"><p>2013 &#8211; <b>Lakme Inspired Haircare<\/b> Tr\u00e9ner k\u00e9pz\u00e9s, <b>Barcelona<\/b><\/p><p>2017, 2018, 2019, 2021 &#8211; <b>Zgat Academy<\/b> Mesterkurzus, <b>Lakme Hungary<\/b><\/p><p>2019 &#8211; <b>Lakme Inspired Haircare<\/b> Tr\u00e9ner tov\u00e1bbk\u00e9pz\u00e9s, <b>Barcelona<\/b><\/p><p>2019, 2020, 2022 &#8211; <b>Steven Buzassy<\/b> Kreat\u00edv hajv\u00e1g\u00f3 mesterkurzus, <b>Circle Budapest, <\/b><\/p><p>2022 &#8211;<b> Lakm\u00e9 Inspired HairCare <\/b>Tr\u00e9ner tov\u00e1bbk\u00e9pz\u00e9s<b> Barcelona<\/b><\/p><p>2022 &#8211; <strong>F\u00e1trai Krisztina Fodr\u00e1szmester <\/strong>Kontytechnik\u00e1k Kurzus<\/p><p>2022 &#8211;<strong> Veress Gy\u0151ri S\u00e1ndor VGS Education<\/strong> Sassoon hajv\u00e1g\u00e1s Alap \u00e9s Szalon technik\u00e1k<\/p><p>2023 &#8211; <strong>Tomb\u00e1cz Zsuzsa Fodr\u00e1szmester <\/strong>Formasz\u00e1r\u00edt\u00e1s \u00e9s f\u00e9s\u00fcl\u00e9s technik\u00e1k<\/p><p>2023 &#8211; <strong>Veress Gy\u0151ri S\u00e1ndor VGS Education<\/strong> Klasszikus \u00e9s Kreat\u00edv hajv\u00e1g\u00e1s technik\u00e1k<\/p><p>2024, 2025- <strong>Veress Gy\u0151ri S\u00e1ndor VGS Education<\/strong> Basic &amp; Kreat\u00edv hajv\u00e1g\u00e1s technik\u00e1k<\/p><p>2023, 2024, 2025- <strong>Kulcs\u00e1r Akad\u00e9mia <\/strong>V\u00e1llalkoz\u00e1sfejleszt\u00e9s<\/p><\/div>\n\t\t\t\t<\/div>\n\t\t\t\t<\/div>\n\t\t\t\t<div class=\"elementor-element elementor-element-9e64c2b elementor-widget elementor-widget-spacer\" data-id=\"9e64c2b\" data-element_type=\"widget\" data-widget_type=\"spacer.default\">\n\t\t\t\t<div class=\"elementor-widget-container\">\n\t\t\t\t\t<div class=\"elementor-spacer\">\n\t\t\t<div class=\"elementor-spacer-inner\"><\/div>\n\t\t<\/div>\n\t\t\t\t<\/div>\n\t\t\t\t<\/div>\n\t\t\t\t\t\t<\/div>\n\t\t\t<\/div>\n\t\t<\/div>\n\t\t\t\t\t\t<\/div>\n\t\t\t<\/div>\n\t\t<\/section>\n\t\t\t\t\t\t<\/div>\n\t\t\t<\/div>\n\t\t<\/div>\n\t\t","protected":false},"excerpt":{"rendered":"<p>Krek\u00e1cs-horv\u00e1th M\u00f3nika \u00a0 Hiszek a fejl\u0151d\u00e9sben, szenved\u00e9lyem a szakma.\u00a0 A szalonban a\u00a0legfontosabb, hogy a vend\u00e9gek magas sz\u00ednvonal\u00fa szolg\u00e1ltat\u00e1st\u00a0kapjanak.\u00a0Egyedi, szem\u00e9lyre szabott sz\u00edneket \u00e9s form\u00e1kat, melyek\u00a0kiemelik az egy\u00e9nis\u00e9g\u00fcket. Krek\u00e1cs-Horv\u00e1th M\u00f3nika vagyok\u00a0a Horv\u00e1th Hajszalon tulajdonosa \u00e9s vezet\u0151 fodr\u00e1sza.\u00a01990-ben kezdtem a szakm\u00e1t 1994-ben sikeres\u00a0mestervizsga ut\u00e1n nyitottam meg saj\u00e1t szalonomat. Fontosnak tartom a haj \u00e1polts\u00e1g\u00e1t \u00e9s eg\u00e9szs\u00e9g\u00e9t,\u00a0ez\u00e9rt d\u00f6nt\u00f6ttem\u00a0a Lakme lnspired [&hellip;]<\/p>\n","protected":false},"author":2,"featured_media":0,"parent":0,"menu_order":0,"comment_status":"closed","ping_status":"closed","template":"elementor_header_footer","meta":{"footnotes":""},"class_list":["post-20","page","type-page","status-publish","hentry"],"_links":{"self":[{"href":"https:\/\/horvathhajszalon.hu\/index.php?rest_route=\/wp\/v2\/pages\/20","targetHints":{"allow":["GET"]}}],"collection":[{"href":"https:\/\/horvathhajszalon.hu\/index.php?rest_route=\/wp\/v2\/pages"}],"about":[{"href":"https:\/\/horvathhajszalon.hu\/index.php?rest_route=\/wp\/v2\/types\/page"}],"author":[{"embeddable":true,"href":"https:\/\/horvathhajszalon.hu\/index.php?rest_route=\/wp\/v2\/users\/2"}],"replies":[{"embeddable":true,"href":"https:\/\/horvathhajszalon.hu\/index.php?rest_route=%2Fwp%2Fv2%2Fcomments&post=20"}],"version-history":[{"count":24,"href":"https:\/\/horvathhajszalon.hu\/index.php?rest_route=\/wp\/v2\/pages\/20\/revisions"}],"predecessor-version":[{"id":408,"href":"https:\/\/horvathhajszalon.hu\/index.php?rest_route=\/wp\/v2\/pages\/20\/revisions\/408"}],"wp:attachment":[{"href":"https:\/\/horvathhajszalon.hu\/index.php?rest_route=%2Fwp%2Fv2%2Fmedia&parent=20"}],"curies":[{"name":"wp","href":"https:\/\/api.w.org\/{rel}","templated":true}]}}