{"id":23,"date":"2020-05-07T19:53:07","date_gmt":"2020-05-07T19:53:07","guid":{"rendered":"https:\/\/upwork.lorenzobarcarolo.com\/?page_id=23"},"modified":"2026-02-17T18:33:47","modified_gmt":"2026-02-17T18:33:47","slug":"szolgaltatasok-es-arak","status":"publish","type":"page","link":"https:\/\/horvathhajszalon.hu\/?page_id=23","title":{"rendered":"Szolg\u00e1ltat\u00e1sok \u00e9s \u00e1rak"},"content":{"rendered":"\t\t<div data-elementor-type=\"wp-page\" data-elementor-id=\"23\" class=\"elementor elementor-23\" data-elementor-settings=\"[]\">\n\t\t\t<div class=\"elementor-inner\">\n\t\t\t\t<div class=\"elementor-section-wrap\">\n\t\t\t\t\t\t\t<section class=\"elementor-element elementor-element-6c00148 elementor-section-boxed elementor-section-height-default elementor-section-height-default elementor-section elementor-top-section\" data-id=\"6c00148\" data-element_type=\"section\">\n\t\t\t\t\t\t<div class=\"elementor-container elementor-column-gap-default\">\n\t\t\t\t<div class=\"elementor-row\">\n\t\t\t\t<div class=\"elementor-element elementor-element-18e2493 elementor-column elementor-col-100 elementor-top-column\" data-id=\"18e2493\" data-element_type=\"column\">\n\t\t\t<div class=\"elementor-column-wrap  elementor-element-populated\">\n\t\t\t\t\t<div class=\"elementor-widget-wrap\">\n\t\t\t\t<div class=\"elementor-element elementor-element-cca2b62 elementor-hidden-phone elementor-widget elementor-widget-spacer\" data-id=\"cca2b62\" data-element_type=\"widget\" data-widget_type=\"spacer.default\">\n\t\t\t\t<div class=\"elementor-widget-container\">\n\t\t\t\t\t<div class=\"elementor-spacer\">\n\t\t\t<div class=\"elementor-spacer-inner\"><\/div>\n\t\t<\/div>\n\t\t\t\t<\/div>\n\t\t\t\t<\/div>\n\t\t\t\t<div class=\"elementor-element elementor-element-6ae5e06 elementor-invisible elementor-widget elementor-widget-heading\" data-id=\"6ae5e06\" data-element_type=\"widget\" data-settings=\"{&quot;_animation&quot;:&quot;fadeIn&quot;}\" data-widget_type=\"heading.default\">\n\t\t\t\t<div class=\"elementor-widget-container\">\n\t\t\t<h2 class=\"elementor-heading-title elementor-size-default\">\u00e1rak<\/h2>\t\t<\/div>\n\t\t\t\t<\/div>\n\t\t\t\t<div class=\"elementor-element elementor-element-34a8b56 elementor-widget elementor-widget-spacer\" data-id=\"34a8b56\" data-element_type=\"widget\" data-widget_type=\"spacer.default\">\n\t\t\t\t<div class=\"elementor-widget-container\">\n\t\t\t\t\t<div class=\"elementor-spacer\">\n\t\t\t<div class=\"elementor-spacer-inner\"><\/div>\n\t\t<\/div>\n\t\t\t\t<\/div>\n\t\t\t\t<\/div>\n\t\t\t\t<div class=\"elementor-element elementor-element-5536af6 elementor-widget elementor-widget-text-editor\" data-id=\"5536af6\" data-element_type=\"widget\" data-widget_type=\"text-editor.default\">\n\t\t\t\t<div class=\"elementor-widget-container\">\n\t\t\t\t\t<div class=\"elementor-text-editor elementor-clearfix\"><div class=\"elementor-price-list-text\"><div class=\"elementor-price-list-header\"><strong><span class=\"elementor-price-list-title\">MASTER\u00a0 \u00a0 \u00a0 \u00a0 \u00a0 \u00a0 \u00a0 \u00a0 \u00a0 \u00a0 \u00a0 \u00a0 \u00a0 \u00a0 \u00a0 \u00a0 \u00a0 \u00a0 \u00a0 \u00a0 \u00a0 \u00a0 \u00a0 \u00a0 \u00a0 \u00a0 \u00a0 \u00a0 \u00a0 \u00a0 \u00a0 \u00a0 \u00a0 \u00a0 \u00a0 \u00a0 \u00a0 \u00a0 \u00a0 \u00a0 \u00a0 \u00a0 \u00a0 \u00a0 \u00a0 \u00a0 \u00a0 JUNIOR<\/span><\/strong><\/div><div>\u00a0<\/div><div class=\"elementor-price-list-header\"><span class=\"elementor-price-list-title\">N\u0151i besz\u00e1r\u00edt\u00e1s\u00a0 \u00a0 \u00a0 \u00a0 \u00a0 \u00a0 \u00a0 \u00a0 \u00a0 \u00a0 \u00a0 \u00a0 \u00a0 \u00a0 \u00a0 \u00a0 \u00a0 \u00a0 \u00a0 \u00a0 \u00a0 \u00a0 \u00a0 \u00a0 \u00a0 \u00a0 \u00a0 \u00a0 \u00a0 \u00a0 \u00a0 \u00a0 \u00a0 \u00a0 \u00a0 \u00a0 \u00a0 \u00a0 \u00a0 \u00a0 \u00a0 \u00a0 \u00a0 \u00a0 \u00a0 \u00a0 8.000 Ft-t\u00f3l\u00a0 \u00a0 \u00a0 \u00a0 \u00a0 \u00a0 \u00a0 \u00a0 \u00a0 \u00a0 \u00a0 \u00a0 \u00a0 \u00a0 \u00a0 \u00a0 \u00a0 \u00a0 \u00a0 \u00a0 \u00a0 \u00a0 \u00a0 \u00a0 \u00a0 \u00a0 \u00a0 \u00a0 \u00a0 \u00a0 \u00a0 \u00a0 \u00a0 \u00a0 \u00a0 \u00a0 \u00a0 \u00a0 \u00a0 \u00a0 \u00a0 \u00a0 \u00a0 \u00a0 \u00a0 \u00a0 \u00a0 \u00a0 \u00a0 \u00a0 \u00a0 \u00a0 \u00a0 \u00a0 \u00a0 \u00a0 \u00a0 \u00a0 \u00a0 \u00a0 \u00a0 \u00a0 \u00a0 \u00a0 \u00a0 \u00a0 \u00a0 \u00a0 \u00a0 \u00a0 \u00a0 \u00a0 \u00a0 \u00a0 \u00a0 \u00a0 \u00a0 \u00a0 \u00a0 \u00a0 \u00a0 \u00a0 \u00a0 \u00a0 \u00a0 \u00a0 \u00a0 \u00a0 \u00a0 \u00a0<\/span><\/div><div class=\"elementor-price-list-header\">10.500 Ft-t\u00f3l<\/div><div>\u00a0<\/div><\/div><div class=\"elementor-price-list-text\"><div class=\"elementor-price-list-header\"><span class=\"elementor-price-list-title\">N\u0151i hajv\u00e1g\u00e1s besz\u00e1r\u00edt\u00e1s\u00a0 \u00a0 \u00a0 \u00a0 \u00a0 \u00a0 \u00a0 \u00a0 \u00a0 \u00a0 \u00a0 \u00a0 \u00a0 \u00a0 \u00a0 \u00a0 \u00a0 \u00a0 \u00a0 \u00a0 \u00a0 \u00a0 \u00a0 \u00a0 \u00a0 \u00a0 \u00a0 \u00a0 \u00a0 \u00a0 \u00a0 \u00a0 \u00a0 \u00a0 \u00a0 \u00a0 \u00a014.000 Ft-t\u00f3l<\/span><\/div><div class=\"elementor-price-list-header\">19.000 Ft-t\u00f3l<\/div><div>\u00a0<\/div><\/div><div class=\"elementor-price-list-text\"><div class=\"elementor-price-list-header\"><span class=\"elementor-price-list-title\">\u00daj fazon kialak\u00edt\u00e1sa<\/span><\/div><div class=\"elementor-price-list-header\"><span class=\"elementor-price-list-price\">21.500 Ft-t\u00f3l<\/span><\/div><div>\u00a0<\/div><\/div><div class=\"elementor-price-list-text\"><div class=\"elementor-price-list-header\"><span class=\"elementor-price-list-title\">F\u00e9rfi hajv\u00e1g\u00e1s mos\u00e1s n\u00e9lk\u00fcl<\/span><\/div><div class=\"elementor-price-list-header\"><span class=\"elementor-price-list-price\">8.000 Ft- mos\u00e1ssal 9.000 Ft-<\/span><\/div><div>\u00a0<\/div><\/div><div class=\"elementor-price-list-text\"><div class=\"elementor-price-list-header\"><span class=\"elementor-price-list-title\">Alkalmi frizur\u00e1k<\/span><\/div><div class=\"elementor-price-list-header\"><span style=\"font-size: 1.8rem; letter-spacing: -0.015em;\">35.000 Ft-t\u00f3l<\/span><\/div><div>\u00a0<\/div><\/div><div class=\"elementor-price-list-text\"><div class=\"elementor-price-list-header\"><span class=\"elementor-price-list-title\">Sz\u00ednmegv\u00e1ltoztat\u00e1s anyagmennyis\u00e9gt\u0151l\u00a0<\/span><\/div><div class=\"elementor-price-list-header\"><span class=\"elementor-price-list-title\">\u00e9s technik\u00e1t\u00f3l f\u00fcgg\u0151en\u00a0 \u00a0 \u00a0 \u00a0 \u00a0 \u00a0 \u00a0 \u00a0 \u00a0 \u00a0 \u00a0 \u00a0 \u00a0 \u00a0 \u00a0 \u00a0 \u00a0 \u00a0 \u00a0 \u00a0 \u00a0 \u00a0 \u00a0 \u00a0 \u00a0 \u00a0 \u00a0 \u00a0 \u00a0 \u00a0 \u00a0 \u00a0 \u00a0 \u00a0 \u00a0 \u00a0 \u00a0 25.000 Ft-t\u00f3l<\/span><\/div><div class=\"elementor-price-list-header\"><span style=\"font-size: 1.8rem; letter-spacing: -0.015em;\">30.000 Ft-t\u00f3l<\/span><\/div><div>\u00a0<\/div><\/div><\/div>\n\t\t\t\t<\/div>\n\t\t\t\t<\/div>\n\t\t\t\t\t\t<\/div>\n\t\t\t<\/div>\n\t\t<\/div>\n\t\t\t\t\t\t<\/div>\n\t\t\t<\/div>\n\t\t<\/section>\n\t\t\t\t<section class=\"elementor-element elementor-element-05d217d elementor-section-boxed elementor-section-height-default elementor-section-height-default elementor-section elementor-top-section\" data-id=\"05d217d\" data-element_type=\"section\">\n\t\t\t\t\t\t<div class=\"elementor-container elementor-column-gap-default\">\n\t\t\t\t<div class=\"elementor-row\">\n\t\t\t\t<div class=\"elementor-element elementor-element-0f9f9ab elementor-column elementor-col-100 elementor-top-column\" data-id=\"0f9f9ab\" data-element_type=\"column\">\n\t\t\t<div class=\"elementor-column-wrap  elementor-element-populated\">\n\t\t\t\t\t<div class=\"elementor-widget-wrap\">\n\t\t\t\t<div class=\"elementor-element elementor-element-a44ff35 elementor-invisible elementor-widget elementor-widget-heading\" data-id=\"a44ff35\" data-element_type=\"widget\" data-settings=\"{&quot;_animation&quot;:&quot;fadeInUp&quot;}\" data-widget_type=\"heading.default\">\n\t\t\t\t<div class=\"elementor-widget-container\">\n\t\t\t<h2 class=\"elementor-heading-title elementor-size-default\">Minden munkafolyamathoz a LAKM\u00c9 professzion\u00e1lis term\u00e9keit haszn\u00e1ljuk<\/h2>\t\t<\/div>\n\t\t\t\t<\/div>\n\t\t\t\t<div class=\"elementor-element elementor-element-63f55d9 elementor-widget elementor-widget-spacer\" data-id=\"63f55d9\" data-element_type=\"widget\" data-widget_type=\"spacer.default\">\n\t\t\t\t<div class=\"elementor-widget-container\">\n\t\t\t\t\t<div class=\"elementor-spacer\">\n\t\t\t<div class=\"elementor-spacer-inner\"><\/div>\n\t\t<\/div>\n\t\t\t\t<\/div>\n\t\t\t\t<\/div>\n\t\t\t\t<div class=\"elementor-element elementor-element-f03f3e6 elementor-invisible elementor-widget elementor-widget-image\" data-id=\"f03f3e6\" data-element_type=\"widget\" data-settings=\"{&quot;_animation&quot;:&quot;fadeInUp&quot;}\" data-widget_type=\"image.default\">\n\t\t\t\t<div class=\"elementor-widget-container\">\n\t\t\t\t\t<div class=\"elementor-image\">\n\t\t\t\t\t\t\t\t\t\t<img loading=\"lazy\" decoding=\"async\" width=\"580\" height=\"591\" src=\"https:\/\/horvathhajszalon.hu\/wp-content\/uploads\/2020\/05\/teknia-z\u00f6ld-1.jpg\" class=\"attachment-large size-large\" alt=\"\" srcset=\"https:\/\/horvathhajszalon.hu\/wp-content\/uploads\/2020\/05\/teknia-z\u00f6ld-1.jpg 880w, https:\/\/horvathhajszalon.hu\/wp-content\/uploads\/2020\/05\/teknia-z\u00f6ld-1-294x300.jpg 294w, https:\/\/horvathhajszalon.hu\/wp-content\/uploads\/2020\/05\/teknia-z\u00f6ld-1-768x783.jpg 768w\" sizes=\"auto, (max-width: 580px) 100vw, 580px\" \/>\t\t\t\t\t\t\t\t\t\t\t<\/div>\n\t\t\t\t<\/div>\n\t\t\t\t<\/div>\n\t\t\t\t<div class=\"elementor-element elementor-element-794b1cc elementor-widget elementor-widget-spacer\" data-id=\"794b1cc\" data-element_type=\"widget\" data-widget_type=\"spacer.default\">\n\t\t\t\t<div class=\"elementor-widget-container\">\n\t\t\t\t\t<div class=\"elementor-spacer\">\n\t\t\t<div class=\"elementor-spacer-inner\"><\/div>\n\t\t<\/div>\n\t\t\t\t<\/div>\n\t\t\t\t<\/div>\n\t\t\t\t<div class=\"elementor-element elementor-element-e8b453d elementor-widget elementor-widget-text-editor\" data-id=\"e8b453d\" data-element_type=\"widget\" data-widget_type=\"text-editor.default\">\n\t\t\t\t<div class=\"elementor-widget-container\">\n\t\t\t\t\t<div class=\"elementor-text-editor elementor-clearfix\"><p>\u00c1raink az \u00c1F\u00c1T-t tartalmazz\u00e1k HUF-ban \u00e9rtend\u0151k.<\/p>\n<p>Az \u00e1rv\u00e1ltoz\u00e1s jog\u00e1t fenntartjuk.<\/p>\n<p>\u00c9rv.: 2026.01.01. Krek\u00e1csn\u00e9 Horv\u00e1th M\u00f3nika<\/p><\/div>\n\t\t\t\t<\/div>\n\t\t\t\t<\/div>\n\t\t\t\t\t\t<\/div>\n\t\t\t<\/div>\n\t\t<\/div>\n\t\t\t\t\t\t<\/div>\n\t\t\t<\/div>\n\t\t<\/section>\n\t\t\t\t<section class=\"elementor-element elementor-element-564209a elementor-section-boxed elementor-section-height-default elementor-section-height-default elementor-section elementor-top-section\" data-id=\"564209a\" data-element_type=\"section\">\n\t\t\t\t\t\t<div class=\"elementor-container elementor-column-gap-default\">\n\t\t\t\t<div class=\"elementor-row\">\n\t\t\t\t<div class=\"elementor-element elementor-element-ea661bf elementor-column elementor-col-100 elementor-top-column\" data-id=\"ea661bf\" data-element_type=\"column\">\n\t\t\t<div class=\"elementor-column-wrap  elementor-element-populated\">\n\t\t\t\t\t<div class=\"elementor-widget-wrap\">\n\t\t\t\t<div class=\"elementor-element elementor-element-235a9b3 elementor-widget elementor-widget-spacer\" data-id=\"235a9b3\" data-element_type=\"widget\" data-widget_type=\"spacer.default\">\n\t\t\t\t<div class=\"elementor-widget-container\">\n\t\t\t\t\t<div class=\"elementor-spacer\">\n\t\t\t<div class=\"elementor-spacer-inner\"><\/div>\n\t\t<\/div>\n\t\t\t\t<\/div>\n\t\t\t\t<\/div>\n\t\t\t\t\t\t<\/div>\n\t\t\t<\/div>\n\t\t<\/div>\n\t\t\t\t\t\t<\/div>\n\t\t\t<\/div>\n\t\t<\/section>\n\t\t\t\t\t\t<\/div>\n\t\t\t<\/div>\n\t\t<\/div>\n\t\t","protected":false},"excerpt":{"rendered":"<p>\u00e1rak MASTER\u00a0 \u00a0 \u00a0 \u00a0 \u00a0 \u00a0 \u00a0 \u00a0 \u00a0 \u00a0 \u00a0 \u00a0 \u00a0 \u00a0 \u00a0 \u00a0 \u00a0 \u00a0 \u00a0 \u00a0 \u00a0 \u00a0 \u00a0 \u00a0 \u00a0 \u00a0 \u00a0 \u00a0 \u00a0 \u00a0 \u00a0 \u00a0 \u00a0 \u00a0 \u00a0 \u00a0 \u00a0 \u00a0 \u00a0 \u00a0 \u00a0 \u00a0 \u00a0 \u00a0 \u00a0 \u00a0 \u00a0 JUNIOR\u00a0N\u0151i besz\u00e1r\u00edt\u00e1s\u00a0 \u00a0 \u00a0 \u00a0 \u00a0 \u00a0 [&hellip;]<\/p>\n","protected":false},"author":2,"featured_media":0,"parent":0,"menu_order":0,"comment_status":"closed","ping_status":"closed","template":"elementor_header_footer","meta":{"footnotes":""},"class_list":["post-23","page","type-page","status-publish","hentry"],"_links":{"self":[{"href":"https:\/\/horvathhajszalon.hu\/index.php?rest_route=\/wp\/v2\/pages\/23","targetHints":{"allow":["GET"]}}],"collection":[{"href":"https:\/\/horvathhajszalon.hu\/index.php?rest_route=\/wp\/v2\/pages"}],"about":[{"href":"https:\/\/horvathhajszalon.hu\/index.php?rest_route=\/wp\/v2\/types\/page"}],"author":[{"embeddable":true,"href":"https:\/\/horvathhajszalon.hu\/index.php?rest_route=\/wp\/v2\/users\/2"}],"replies":[{"embeddable":true,"href":"https:\/\/horvathhajszalon.hu\/index.php?rest_route=%2Fwp%2Fv2%2Fcomments&post=23"}],"version-history":[{"count":31,"href":"https:\/\/horvathhajszalon.hu\/index.php?rest_route=\/wp\/v2\/pages\/23\/revisions"}],"predecessor-version":[{"id":406,"href":"https:\/\/horvathhajszalon.hu\/index.php?rest_route=\/wp\/v2\/pages\/23\/revisions\/406"}],"wp:attachment":[{"href":"https:\/\/horvathhajszalon.hu\/index.php?rest_route=%2Fwp%2Fv2%2Fmedia&parent=23"}],"curies":[{"name":"wp","href":"https:\/\/api.w.org\/{rel}","templated":true}]}}